{"id":181,"date":"2019-10-31T16:00:10","date_gmt":"2019-10-31T15:00:10","guid":{"rendered":"http:\/\/www.uslit.sav.sk\/en\/?page_id=181"},"modified":"2025-06-13T16:41:06","modified_gmt":"2025-06-13T14:41:06","slug":"basic-information","status":"publish","type":"page","link":"https:\/\/uslit.sav.sk\/en\/science-and-research\/journal-slovenska-literatura\/basic-information\/","title":{"rendered":"Basic information"},"content":{"rendered":"<p><strong>Slovensk\u00e1 literat\u00fara (Slovak Literature): Journal for Literary Studies<\/strong><br \/>\nISSN 0037-6973<br \/>\nMI\u010c 49 607<br \/>\nPublished: six time a year<\/p>\n<p>Slovensk\u00e1 literat\u00fara (Slovak Literature) is an open access and double blind peer reviewed academic journal published by Institute of Slovak Literature of the Slovak Academy of Sciences in Bratislava from 1954. It provides a scientific publishing space for the field of literary Slovak studies (theory of literature, poetics, history of Slovak literature and its contexts) for domestic and foreign literary scholars and experts from other related disciplines. It is a key journal in the field of literary Slovak studies.<\/p>\n<p><a href=\"https:\/\/www.sav.sk\/?lang=en&amp;charset=&amp;doc=journal-list&amp;journal_no=52\" target=\"_blank\" rel=\"noopener noreferrer\">Web-page of the journal.<\/a><\/p>\n","protected":false},"excerpt":{"rendered":"<p>Slovensk\u00e1 literat\u00fara (Slovak Literature): Journal for Literary Studies ISSN 0037-6973 MI\u010c 49 607 Published: six time a year Slovensk\u00e1 literat\u00fara (Slovak Literature) is an open&#8230;<\/p>\n","protected":false},"author":1,"featured_media":0,"parent":71,"menu_order":0,"comment_status":"closed","ping_status":"closed","template":"","meta":[],"_links":{"self":[{"href":"https:\/\/uslit.sav.sk\/en\/wp-json\/wp\/v2\/pages\/181"}],"collection":[{"href":"https:\/\/uslit.sav.sk\/en\/wp-json\/wp\/v2\/pages"}],"about":[{"href":"https:\/\/uslit.sav.sk\/en\/wp-json\/wp\/v2\/types\/page"}],"author":[{"embeddable":true,"href":"https:\/\/uslit.sav.sk\/en\/wp-json\/wp\/v2\/users\/1"}],"replies":[{"embeddable":true,"href":"https:\/\/uslit.sav.sk\/en\/wp-json\/wp\/v2\/comments?post=181"}],"version-history":[{"count":28,"href":"https:\/\/uslit.sav.sk\/en\/wp-json\/wp\/v2\/pages\/181\/revisions"}],"predecessor-version":[{"id":330,"href":"https:\/\/uslit.sav.sk\/en\/wp-json\/wp\/v2\/pages\/181\/revisions\/330"}],"up":[{"embeddable":true,"href":"https:\/\/uslit.sav.sk\/en\/wp-json\/wp\/v2\/pages\/71"}],"wp:attachment":[{"href":"https:\/\/uslit.sav.sk\/en\/wp-json\/wp\/v2\/media?parent=181"}],"curies":[{"name":"wp","href":"https:\/\/api.w.org\/{rel}","templated":true}]}}