{"id":244,"date":"2020-02-12T09:17:50","date_gmt":"2020-02-12T08:17:50","guid":{"rendered":"http:\/\/www.uslit.sav.sk\/en\/?page_id=244"},"modified":"2025-06-13T16:41:06","modified_gmt":"2025-06-13T14:41:06","slug":"department-of-literary-history","status":"publish","type":"page","link":"https:\/\/uslit.sav.sk\/en\/departments\/department-of-literary-history\/","title":{"rendered":"Department of Literary History"},"content":{"rendered":"<table class='list'><tr class='list_header'><td>Name \/ Position<\/td><td>E-mail<\/td><td>Phone<\/td><\/tr><tr><td width='50%'><a class='bold' href='\/en\/employees\/basic-info\/?user_no=1541&publication_author_id=0079391'>Barbor\u00edk, Vladim\u00edr doc. Mgr., CSc.<\/a><br \/><span>Senior researcher \/ Department of Literary History \/ Department of Literary Culture<\/span><\/td><td width='35%'><a href='mailto:Vladimir.Barborik@savba.sk'>Vladimir.Barborik@savba.sk<\/a><\/td><td width='15%'><\/td><\/tr><tr><td width='50%'><a class='bold' href='\/en\/employees\/basic-info\/?user_no=10618&publication_author_id=0198711'>Braxatoris, Martin Mgr., PhD.<\/a><br \/><span>Scientific Secretary \/ Senior Researcher \/ Department of Literary History \/ Department of Textology and Digital Projects<\/span><\/td><td width='35%'><a href='mailto:Martin.Braxatoris@savba.sk'>Martin.Braxatoris@savba.sk<\/a><\/td><td width='15%'><\/td><\/tr><tr><td width='50%'><a class='bold' href='\/en\/employees\/basic-info\/?user_no=1548&publication_author_id=0079393'>Brt\u00e1\u0148ov\u00e1, Erika doc. PhDr., CSc.<\/a><br \/><span>Senior researcher \/ Department of Literary History \/ Department of Textology and Digital Humanities<\/span><\/td><td width='35%'><a href='mailto:Erika.Brtanova@savba.sk'>Erika.Brtanova@savba.sk<\/a><\/td><td width='15%'><\/td><\/tr><tr><td width='50%'><a class='bold' href='\/en\/employees\/basic-info\/?user_no=6096&publication_author_id=0150058'>Csiba, Karol Mgr., PhD.<\/a><br \/><span> Senior researcher \/ Department of Literary History \/ Editor of the journal Slovensk\u00e1 literat\u00fara (Slovak Literature)<\/span><\/td><td width='35%'><a href='mailto:usllkajo@savba.sk'>usllkajo@savba.sk<\/a><\/td><td width='15%'><\/td><\/tr><tr><td width='50%'><a class='bold' href='\/en\/employees\/basic-info\/?user_no=3209&publication_author_id=0079397'>Habaj, Michal Mgr., PhD.<\/a><br \/><span>Senior researcher \/ Department of Literary History<\/span><\/td><td width='35%'><a href='mailto:usllmiha@savba.sk'>usllmiha@savba.sk<\/a><\/td><td width='15%'><\/td><\/tr><tr><td width='50%'><a class='bold' href='\/en\/employees\/basic-info\/?user_no=1698&publication_author_id=0159802'>Hu\u010dkov\u00e1, Dana Mgr., CSc.<\/a><br \/><span>Senior researcher \/ Department of Literary History \/ Department of Textology and Digital Humanities \/ Editor-in-Chief of the journal Slovensk\u00e1 literat\u00fara (Slovak Literature)<\/span><\/td><td width='35%'><a href='mailto:Dana.Huckova@savba.sk'>Dana.Huckova@savba.sk<\/a><\/td><td width='15%'><\/td><\/tr><tr><td width='50%'><a class='bold' href='\/en\/employees\/basic-info\/?user_no=11397&publication_author_id=0211597'>Palkovi\u010dov\u00e1, Eva Mgr., PhD.<\/a><br \/><span>Researcher \/ Department of History of Literature<\/span><\/td><td width='35%'><a href='mailto:eva.palkovicova@savba.sk'>eva.palkovicova@savba.sk<\/a><\/td><td width='15%'><\/td><\/tr><tr><td width='50%'><a class='bold' href='\/en\/employees\/basic-info\/?user_no=6619&publication_author_id=0150837'>Passia, Radoslav Mgr., Ph.D.<\/a><br \/><span>Vicedirector \/ Senior researcher \/ Department of Literary History \/ Department of Literary Culture<\/span><\/td><td width='35%'><a href='mailto:Radoslav.Passia@savba.sk'>Radoslav.Passia@savba.sk<\/a><\/td><td width='15%'>+421 2 5441 6025<\/td><\/tr><tr><td width='50%'><a class='bold' href='\/en\/employees\/basic-info\/?user_no=12750&publication_author_id=0231149'>P\u00e9terov\u00e1, Martina Mgr.<\/a><br \/><span>External PhD. student \/ Department of Literary History<\/span><\/td><td width='35%'><a href='mailto:Martina.Peterova@savba.sk'>Martina.Peterova@savba.sk<\/a><\/td><td width='15%'><\/td><\/tr><tr><td width='50%'><a class='bold' href='\/en\/employees\/basic-info\/?user_no=4721&publication_author_id=0098532'>Ri\u0161kov\u00e1, Lenka Mgr., PhD.<\/a><br \/><span>Senior researcher \/ Department of Literary History<\/span><\/td><td width='35%'><a href='mailto:lenka.riskova@savba.sk'>lenka.riskova@savba.sk<\/a><\/td><td width='15%'><\/td><\/tr><tr><td width='50%'><a class='bold' href='\/en\/employees\/basic-info\/?user_no=3865&publication_author_id=0082729'>Schmarcov\u00e1, \u013dubica Mgr., PhD.<\/a><br \/><span>Senior researcher \/ Department of Literary History<\/span><\/td><td width='35%'><a href='mailto:lubica.schmarcova@savba.sk'>lubica.schmarcova@savba.sk<\/a><\/td><td width='15%'><\/td><\/tr><tr><td width='50%'><a class='bold' href='\/en\/employees\/basic-info\/?user_no=3210&publication_author_id=0079443'>Taranenkov\u00e1, Ivana Mgr., PhD.<\/a><br \/><span>Director \/ Department of Literary History<\/span><\/td><td width='35%'><a href='mailto:Ivana.Taranenkova@savba.sk'>Ivana.Taranenkova@savba.sk<\/a><\/td><td width='15%'>+421 2 5441 6025<\/td><\/tr><tr><td width='50%'><a class='bold' href='\/en\/employees\/basic-info\/?user_no=1712&publication_author_id=0082936'>Vanekov\u00e1, O\u013ega Mgr., PhD.<\/a><br \/><span>Researcher \/ Department of Literary History <\/span><\/td><td width='35%'><a href='mailto:Olga.Vanekova@savba.sk'>Olga.Vanekova@savba.sk<\/a><\/td><td width='15%'><\/td><\/tr><tr><td width='50%'><a class='bold' href='\/en\/employees\/basic-info\/?user_no=3207&publication_author_id=0079409'>Vr\u00e1blov\u00e1, Timotea Mgr., CSc.<\/a><br \/><span>Senior researcher \/ Department of Literary History<\/span><\/td><td width='35%'><a href='mailto:uslltimo@savba.sk'>uslltimo@savba.sk<\/a><\/td><td width='15%'><\/td><\/tr><\/table>\n","protected":false},"excerpt":{"rendered":"","protected":false},"author":1,"featured_media":0,"parent":242,"menu_order":0,"comment_status":"closed","ping_status":"closed","template":"","meta":[],"_links":{"self":[{"href":"https:\/\/uslit.sav.sk\/en\/wp-json\/wp\/v2\/pages\/244"}],"collection":[{"href":"https:\/\/uslit.sav.sk\/en\/wp-json\/wp\/v2\/pages"}],"about":[{"href":"https:\/\/uslit.sav.sk\/en\/wp-json\/wp\/v2\/types\/page"}],"author":[{"embeddable":true,"href":"https:\/\/uslit.sav.sk\/en\/wp-json\/wp\/v2\/users\/1"}],"replies":[{"embeddable":true,"href":"https:\/\/uslit.sav.sk\/en\/wp-json\/wp\/v2\/comments?post=244"}],"version-history":[{"count":5,"href":"https:\/\/uslit.sav.sk\/en\/wp-json\/wp\/v2\/pages\/244\/revisions"}],"predecessor-version":[{"id":399,"href":"https:\/\/uslit.sav.sk\/en\/wp-json\/wp\/v2\/pages\/244\/revisions\/399"}],"up":[{"embeddable":true,"href":"https:\/\/uslit.sav.sk\/en\/wp-json\/wp\/v2\/pages\/242"}],"wp:attachment":[{"href":"https:\/\/uslit.sav.sk\/en\/wp-json\/wp\/v2\/media?parent=244"}],"curies":[{"name":"wp","href":"https:\/\/api.w.org\/{rel}","templated":true}]}}