{"id":246,"date":"2020-02-12T09:18:08","date_gmt":"2020-02-12T08:18:08","guid":{"rendered":"http:\/\/www.uslit.sav.sk\/en\/?page_id=246"},"modified":"2025-06-13T16:41:06","modified_gmt":"2025-06-13T14:41:06","slug":"department-of-literary-theory","status":"publish","type":"page","link":"https:\/\/uslit.sav.sk\/en\/departments\/department-of-literary-theory\/","title":{"rendered":"Department of Literary Theory"},"content":{"rendered":"<table class='list'><tr class='list_header'><td>Name \/ Position<\/td><td>E-mail<\/td><td>Phone<\/td><\/tr><tr><td width='50%'><a class='bold' href='\/en\/employees\/basic-info\/?user_no=1541&publication_author_id=0079391'>Barbor\u00edk, Vladim\u00edr doc. Mgr., CSc.<\/a><br \/><span>Senior researcher \/ Department of Literary History \/ Department of Literary Culture<\/span><\/td><td width='35%'><a href='mailto:Vladimir.Barborik@savba.sk'>Vladimir.Barborik@savba.sk<\/a><\/td><td width='15%'><\/td><\/tr><tr><td width='50%'><a class='bold' href='\/en\/employees\/basic-info\/?user_no=10729&publication_author_id=0189884'>Bystrzak, Magdalena Mgr., Ph.D.<\/a><br \/><span>Senior Researcher \/ Department of Literary Culture \/ Department of Textology and Digital Humanities<\/span><\/td><td width='35%'><a href='mailto:magdalena.bystrzak@savba.sk'>magdalena.bystrzak@savba.sk<\/a><\/td><td width='15%'>+421 2 5441 6025<\/td><\/tr><tr><td width='50%'><a class='bold' href='\/en\/employees\/basic-info\/?user_no=1692&publication_author_id=0079398'>Horv\u00e1th, Tom\u00e1\u0161 Mgr., PhD.<\/a><br \/><span>Senior researcher \/ Department of Literary Culture<\/span><\/td><td width='35%'><a href='mailto:tomas.horvath@savba.sk'>tomas.horvath@savba.sk<\/a><\/td><td width='15%'><\/td><\/tr><tr><td width='50%'><a class='bold' href='\/en\/employees\/basic-info\/?user_no=12447&publication_author_id=0185882'>Hostov\u00e1, Ivana doc. Mgr., PhD.<\/a><br \/><span>Senior Researcher \/ Department of Literary Culture<\/span><\/td><td width='35%'><a href='mailto:Ivana.Hostova@savba.sk'>Ivana.Hostova@savba.sk<\/a><\/td><td width='15%'><\/td><\/tr><tr><td width='50%'><a class='bold' href='\/en\/employees\/basic-info\/?user_no=14640'>Makara, Martin Mgr., PhD.<\/a><br \/><span><\/span><\/td><td width='35%'><a href='mailto:martin.makara@savba.sk'>martin.makara@savba.sk<\/a><\/td><td width='15%'>+421 2 5441 6025<\/td><\/tr><tr><td width='50%'><a class='bold' href='\/en\/employees\/basic-info\/?user_no=12706&publication_author_id=0205228'>N\u00e1daskay, Viliam Mgr., PhD.<\/a><br \/><span>Post-doc - Researcher\/ Department of Literary Culture<\/span><\/td><td width='35%'><a href='mailto:viliam.nadaskay@savba.sk'>viliam.nadaskay@savba.sk<\/a><\/td><td width='15%'>+421 2 54416025<\/td><\/tr><tr><td width='50%'><a class='bold' href='\/en\/employees\/basic-info\/?user_no=6619&publication_author_id=0150837'>Passia, Radoslav Mgr., Ph.D.<\/a><br \/><span>Vicedirector \/ Senior researcher \/ Department of Literary History \/ Department of Literary Culture<\/span><\/td><td width='35%'><a href='mailto:Radoslav.Passia@savba.sk'>Radoslav.Passia@savba.sk<\/a><\/td><td width='15%'>+421 2 5441 6025<\/td><\/tr><tr><td width='50%'><a class='bold' href='\/en\/employees\/basic-info\/?user_no=14801'>Turi Nagyov\u00e1, Lucia Mgr., PhD.<\/a><br \/><span><\/span><\/td><td width='35%'><a href='mailto:Lucia.Turinagyova@savba.sk'>Lucia.Turinagyova@savba.sk<\/a><\/td><td width='15%'><\/td><\/tr><\/table>\n","protected":false},"excerpt":{"rendered":"","protected":false},"author":1,"featured_media":0,"parent":242,"menu_order":10,"comment_status":"closed","ping_status":"closed","template":"","meta":[],"_links":{"self":[{"href":"https:\/\/uslit.sav.sk\/en\/wp-json\/wp\/v2\/pages\/246"}],"collection":[{"href":"https:\/\/uslit.sav.sk\/en\/wp-json\/wp\/v2\/pages"}],"about":[{"href":"https:\/\/uslit.sav.sk\/en\/wp-json\/wp\/v2\/types\/page"}],"author":[{"embeddable":true,"href":"https:\/\/uslit.sav.sk\/en\/wp-json\/wp\/v2\/users\/1"}],"replies":[{"embeddable":true,"href":"https:\/\/uslit.sav.sk\/en\/wp-json\/wp\/v2\/comments?post=246"}],"version-history":[{"count":5,"href":"https:\/\/uslit.sav.sk\/en\/wp-json\/wp\/v2\/pages\/246\/revisions"}],"predecessor-version":[{"id":400,"href":"https:\/\/uslit.sav.sk\/en\/wp-json\/wp\/v2\/pages\/246\/revisions\/400"}],"up":[{"embeddable":true,"href":"https:\/\/uslit.sav.sk\/en\/wp-json\/wp\/v2\/pages\/242"}],"wp:attachment":[{"href":"https:\/\/uslit.sav.sk\/en\/wp-json\/wp\/v2\/media?parent=246"}],"curies":[{"name":"wp","href":"https:\/\/api.w.org\/{rel}","templated":true}]}}