{"id":248,"date":"2020-02-12T09:19:40","date_gmt":"2020-02-12T08:19:40","guid":{"rendered":"http:\/\/www.uslit.sav.sk\/en\/?page_id=248"},"modified":"2025-06-13T16:41:06","modified_gmt":"2025-06-13T14:41:06","slug":"department-of-textology-and-digital-projects","status":"publish","type":"page","link":"https:\/\/uslit.sav.sk\/en\/departments\/department-of-textology-and-digital-projects\/","title":{"rendered":"Department of Textology and Digital Projects"},"content":{"rendered":"<table class='list'><tr class='list_header'><td>Name \/ Position<\/td><td>E-mail<\/td><td>Phone<\/td><\/tr><tr><td width='50%'><a class='bold' href='\/en\/employees\/basic-info\/?user_no=10618&publication_author_id=0198711'>Braxatoris, Martin Mgr., PhD.<\/a><br \/><span>Scientific Secretary \/ Senior Researcher \/ Department of Literary History \/ Department of Textology and Digital Projects<\/span><\/td><td width='35%'><a href='mailto:Martin.Braxatoris@savba.sk'>Martin.Braxatoris@savba.sk<\/a><\/td><td width='15%'><\/td><\/tr><tr><td width='50%'><a class='bold' href='\/en\/employees\/basic-info\/?user_no=1548&publication_author_id=0079393'>Brt\u00e1\u0148ov\u00e1, Erika doc. PhDr., CSc.<\/a><br \/><span>Senior researcher \/ Department of Literary History \/ Department of Textology and Digital Humanities<\/span><\/td><td width='35%'><a href='mailto:Erika.Brtanova@savba.sk'>Erika.Brtanova@savba.sk<\/a><\/td><td width='15%'><\/td><\/tr><tr><td width='50%'><a class='bold' href='\/en\/employees\/basic-info\/?user_no=10729&publication_author_id=0189884'>Bystrzak, Magdalena Mgr., Ph.D.<\/a><br \/><span>Senior Researcher \/ Department of Literary Culture \/ Department of Textology and Digital Humanities<\/span><\/td><td width='35%'><a href='mailto:magdalena.bystrzak@savba.sk'>magdalena.bystrzak@savba.sk<\/a><\/td><td width='15%'>+421 2 5441 6025<\/td><\/tr><tr><td width='50%'><a class='bold' href='\/en\/employees\/basic-info\/?user_no=1698&publication_author_id=0159802'>Hu\u010dkov\u00e1, Dana Mgr., CSc.<\/a><br \/><span>Senior researcher \/ Department of Literary History \/ Department of Textology and Digital Humanities \/ Editor-in-Chief of the journal Slovensk\u00e1 literat\u00fara (Slovak Literature)<\/span><\/td><td width='35%'><a href='mailto:Dana.Huckova@savba.sk'>Dana.Huckova@savba.sk<\/a><\/td><td width='15%'><\/td><\/tr><tr><td width='50%'><a class='bold' href='\/en\/employees\/basic-info\/?user_no=11459&publication_author_id=0211583'>Navr\u00e1til, Martin Mgr., PhD.<\/a><br \/><span>Senior researcher \/ Department of Textology and Digital Humanities<\/span><\/td><td width='35%'><a href='mailto:Martin.Navratil@savba.sk'>Martin.Navratil@savba.sk<\/a><\/td><td width='15%'><\/td><\/tr><\/table>\n","protected":false},"excerpt":{"rendered":"","protected":false},"author":1,"featured_media":0,"parent":242,"menu_order":20,"comment_status":"closed","ping_status":"closed","template":"","meta":[],"_links":{"self":[{"href":"https:\/\/uslit.sav.sk\/en\/wp-json\/wp\/v2\/pages\/248"}],"collection":[{"href":"https:\/\/uslit.sav.sk\/en\/wp-json\/wp\/v2\/pages"}],"about":[{"href":"https:\/\/uslit.sav.sk\/en\/wp-json\/wp\/v2\/types\/page"}],"author":[{"embeddable":true,"href":"https:\/\/uslit.sav.sk\/en\/wp-json\/wp\/v2\/users\/1"}],"replies":[{"embeddable":true,"href":"https:\/\/uslit.sav.sk\/en\/wp-json\/wp\/v2\/comments?post=248"}],"version-history":[{"count":5,"href":"https:\/\/uslit.sav.sk\/en\/wp-json\/wp\/v2\/pages\/248\/revisions"}],"predecessor-version":[{"id":401,"href":"https:\/\/uslit.sav.sk\/en\/wp-json\/wp\/v2\/pages\/248\/revisions\/401"}],"up":[{"embeddable":true,"href":"https:\/\/uslit.sav.sk\/en\/wp-json\/wp\/v2\/pages\/242"}],"wp:attachment":[{"href":"https:\/\/uslit.sav.sk\/en\/wp-json\/wp\/v2\/media?parent=248"}],"curies":[{"name":"wp","href":"https:\/\/api.w.org\/{rel}","templated":true}]}}