{"id":270,"date":"2020-03-10T09:08:31","date_gmt":"2020-03-10T08:08:31","guid":{"rendered":"http:\/\/www.uslit.sav.sk\/en\/?page_id=270"},"modified":"2024-04-24T15:42:37","modified_gmt":"2024-04-24T13:42:37","slug":"online-database","status":"publish","type":"page","link":"https:\/\/uslit.sav.sk\/en\/science-and-research\/publications\/online-database\/","title":{"rendered":"Online database"},"content":{"rendered":"<h3>Publications in 2026<\/h3>Publications containing information from an online database of the Central Library of SAS.<form method='post' action='\/en\/science-and-research\/publications\/online-database\/'><div>Select year reporting publications: <select name='this_year' onchange='this.form.submit()'><option value='2026' selected='selected'>2026<\/option><option value='2025' >2025<\/option><option value='2024' >2024<\/option><option value='2023' >2023<\/option><option value='2022' >2022<\/option><option value='2021' >2021<\/option><option value='2020' >2020<\/option><option value='2019' >2019<\/option><option value='2018' >2018<\/option><option value='2017' >2017<\/option><option value='2016' >2016<\/option><option value='2015' >2015<\/option><option value='2014' >2014<\/option><option value='2013' >2013<\/option><option value='2012' >2012<\/option><option value='2011' >2011<\/option><option value='2010' >2010<\/option><option value='2009' >2009<\/option><option value='2008' >2008<\/option><option value='2007' >2007<\/option><option value='2006' >2006<\/option><option value='2005' >2005<\/option><option value='2004' >2004<\/option><option value='2003' >2003<\/option><option value='2002' >2002<\/option><option value='2001' >2001<\/option><option value='2000' >2000<\/option><option value='1999' >1999<\/option><option value='1998' >1998<\/option><option value='1997' >1997<\/option><option value='1996' >1996<\/option><option value='1995' >1995<\/option><option value='1994' >1994<\/option><option value='1993' >1993<\/option><option value='1992' >1992<\/option><option value='1991' >1991<\/option><option value='1990' >1990<\/option><option value='1989' >1989<\/option><option value='1988' >1988<\/option><option value='1987' >1987<\/option><option value='1986' >1986<\/option><option value='1985' >1985<\/option><option value='1984' >1984<\/option><option value='1983' >1983<\/option><option value='1982' >1982<\/option><option value='1981' >1981<\/option><option value='1980' >1980<\/option><\/select><\/div><\/form><ul class='list'>\n<li><u>HOSTOV\u00c1, Ivana<\/u> - R\u00c1COV\u00c1, Veronika. From forest to Facebook : The Role of Bears in Reflecting and Shaping Societal Polarisation. In Performance and Human\u2013Animal Entanglements. First published. - Abingdon : Taylor &amp; Francis Group, 2026, s. 234-253. ISBN 9781040848357. ISSN 9781003630128. (VEGA 2\/0009\/23 : Kreat\u00edvne experimenty s textom v perspekt\u00edve kritick\u00e9ho posthumanizmu: b\u00e1snick\u00e1, umeleck\u00e1 a prekladov\u00e1 prax v slovenskej kult\u00fare v medzin\u00e1rodn\u00fdch s\u00favislostiach..) Type: <b>ABC<\/b><\/li>\n<\/ul>\n\n","protected":false},"excerpt":{"rendered":"","protected":false},"author":1,"featured_media":0,"parent":73,"menu_order":10,"comment_status":"closed","ping_status":"closed","template":"","meta":[],"_links":{"self":[{"href":"https:\/\/uslit.sav.sk\/en\/wp-json\/wp\/v2\/pages\/270"}],"collection":[{"href":"https:\/\/uslit.sav.sk\/en\/wp-json\/wp\/v2\/pages"}],"about":[{"href":"https:\/\/uslit.sav.sk\/en\/wp-json\/wp\/v2\/types\/page"}],"author":[{"embeddable":true,"href":"https:\/\/uslit.sav.sk\/en\/wp-json\/wp\/v2\/users\/1"}],"replies":[{"embeddable":true,"href":"https:\/\/uslit.sav.sk\/en\/wp-json\/wp\/v2\/comments?post=270"}],"version-history":[{"count":4,"href":"https:\/\/uslit.sav.sk\/en\/wp-json\/wp\/v2\/pages\/270\/revisions"}],"predecessor-version":[{"id":395,"href":"https:\/\/uslit.sav.sk\/en\/wp-json\/wp\/v2\/pages\/270\/revisions\/395"}],"up":[{"embeddable":true,"href":"https:\/\/uslit.sav.sk\/en\/wp-json\/wp\/v2\/pages\/73"}],"wp:attachment":[{"href":"https:\/\/uslit.sav.sk\/en\/wp-json\/wp\/v2\/media?parent=270"}],"curies":[{"name":"wp","href":"https:\/\/api.w.org\/{rel}","templated":true}]}}