{"id":414,"date":"2024-04-27T21:21:08","date_gmt":"2024-04-27T19:21:08","guid":{"rendered":"http:\/\/www.uslit.sav.sk\/en\/?page_id=414"},"modified":"2025-08-17T10:28:33","modified_gmt":"2025-08-17T08:28:33","slug":"archive","status":"publish","type":"page","link":"https:\/\/uslit.sav.sk\/en\/newsletter\/archive\/","title":{"rendered":"Archive"},"content":{"rendered":"<blockquote class=\"wp-embedded-content\" data-secret=\"EWm4c6Qrwh\"><p><a href=\"https:\/\/uslit.sav.sk\/chyrnik\/archiv\/\">Arch\u00edv<\/a><\/p><\/blockquote>\n<p><iframe class=\"wp-embedded-content\" sandbox=\"allow-scripts\" security=\"restricted\" style=\"position: absolute; clip: rect(1px, 1px, 1px, 1px);\" title=\"&#8220;Arch\u00edv&#8221; &#8212; \u00dastav slovenskej literat\u00fary SAV, v. v. i.\" src=\"https:\/\/uslit.sav.sk\/chyrnik\/archiv\/embed\/#?secret=YjiTSFut6P#?secret=EWm4c6Qrwh\" data-secret=\"EWm4c6Qrwh\" width=\"500\" height=\"282\" frameborder=\"0\" marginwidth=\"0\" marginheight=\"0\" scrolling=\"no\"><\/iframe><\/p>\n","protected":false},"excerpt":{"rendered":"<p>Arch\u00edv<\/p>\n","protected":false},"author":1,"featured_media":0,"parent":409,"menu_order":10,"comment_status":"closed","ping_status":"closed","template":"","meta":[],"_links":{"self":[{"href":"https:\/\/uslit.sav.sk\/en\/wp-json\/wp\/v2\/pages\/414"}],"collection":[{"href":"https:\/\/uslit.sav.sk\/en\/wp-json\/wp\/v2\/pages"}],"about":[{"href":"https:\/\/uslit.sav.sk\/en\/wp-json\/wp\/v2\/types\/page"}],"author":[{"embeddable":true,"href":"https:\/\/uslit.sav.sk\/en\/wp-json\/wp\/v2\/users\/1"}],"replies":[{"embeddable":true,"href":"https:\/\/uslit.sav.sk\/en\/wp-json\/wp\/v2\/comments?post=414"}],"version-history":[{"count":2,"href":"https:\/\/uslit.sav.sk\/en\/wp-json\/wp\/v2\/pages\/414\/revisions"}],"predecessor-version":[{"id":621,"href":"https:\/\/uslit.sav.sk\/en\/wp-json\/wp\/v2\/pages\/414\/revisions\/621"}],"up":[{"embeddable":true,"href":"https:\/\/uslit.sav.sk\/en\/wp-json\/wp\/v2\/pages\/409"}],"wp:attachment":[{"href":"https:\/\/uslit.sav.sk\/en\/wp-json\/wp\/v2\/media?parent=414"}],"curies":[{"name":"wp","href":"https:\/\/api.w.org\/{rel}","templated":true}]}}