{"id":52,"date":"2019-10-28T11:14:01","date_gmt":"2019-10-28T10:14:01","guid":{"rendered":"http:\/\/www.uslit.sav.sk\/en\/?page_id=52"},"modified":"2025-06-13T16:41:06","modified_gmt":"2025-06-13T14:41:06","slug":"staff","status":"publish","type":"page","link":"https:\/\/uslit.sav.sk\/en\/about-us\/staff\/","title":{"rendered":"Staff"},"content":{"rendered":"<table class='list'><tr class='list_header'><td>Name \/ Position<\/td><td>E-mail<\/td><td>Phone<\/td><\/tr><tr><td width='50%'><a class='bold' href='\/en\/staff\/basic-info\/?user_no=3200'>Aksam\u00edtov\u00e1, Ren\u00e1ta <\/a><br \/><span>Librarian<\/span><\/td><td width='27%'><a href='mailto:Renata.Aksamitova@savba.sk'>Renata.Aksamitova@savba.sk<\/a><\/td><td width='23%'><\/td><\/tr><tr><td width='50%'><a class='bold' href='\/en\/staff\/basic-info\/?user_no=1541&publication_author_id=0079391'>Barbor\u00edk, Vladim\u00edr doc. Mgr., CSc.<\/a><br \/><span>Senior researcher \/ Department of Literary History \/ Department of Literary Culture<\/span><\/td><td width='27%'><a href='mailto:Vladimir.Barborik@savba.sk'>Vladimir.Barborik@savba.sk<\/a><\/td><td width='23%'><\/td><\/tr><tr><td width='50%'><a class='bold' href='\/en\/staff\/basic-info\/?user_no=11358'>Bih\u00e1riov\u00e1, Simona <\/a><br \/><span>Technical staff<\/span><\/td><td width='27%'><a href='mailto:'><\/a><\/td><td width='23%'><\/td><\/tr><tr><td width='50%'><a class='bold' href='\/en\/staff\/basic-info\/?user_no=3201&publication_author_id=0079392'>B\u00edlik, Ren\u00e9 prof. PaedDr., CSc.<\/a><br \/><span>Senior researcher <\/span><\/td><td width='27%'><a href='mailto:bilikreno@gmail.com'>bilikreno@gmail.com<\/a><\/td><td width='23%'><\/td><\/tr><tr><td width='50%'><a class='bold' href='\/en\/staff\/basic-info\/?user_no=14562'>Bili\u0144ska, Irena El\u017cbieta Mgr., PhD.<\/a><br \/><span><\/span><\/td><td width='27%'><a href='mailto:Irena.Bilinska@savba.sk'>Irena.Bilinska@savba.sk<\/a><\/td><td width='23%'><\/td><\/tr><tr><td width='50%'><a class='bold' href='\/en\/staff\/basic-info\/?user_no=10618&publication_author_id=0198711'>Braxatoris, Martin Mgr., PhD.<\/a><br \/><span>Scientific Secretary \/ Senior Researcher \/ Department of Literary History \/ Department of Textology and Digital Projects<\/span><\/td><td width='27%'><a href='mailto:Martin.Braxatoris@savba.sk'>Martin.Braxatoris@savba.sk<\/a><\/td><td width='23%'><\/td><\/tr><tr><td width='50%'><a class='bold' href='\/en\/staff\/basic-info\/?user_no=1548&publication_author_id=0079393'>Brt\u00e1\u0148ov\u00e1, Erika doc. PhDr., CSc.<\/a><br \/><span>Senior researcher \/ Department of Literary History \/ Department of Textology and Digital Humanities<\/span><\/td><td width='27%'><a href='mailto:Erika.Brtanova@savba.sk'>Erika.Brtanova@savba.sk<\/a><\/td><td width='23%'><\/td><\/tr><tr><td width='50%'><a class='bold' href='\/en\/staff\/basic-info\/?user_no=10729&publication_author_id=0189884'>Bystrzak, Magdalena Mgr., Ph.D.<\/a><br \/><span>Senior Researcher \/ Department of Literary Culture \/ Department of Textology and Digital Humanities<\/span><\/td><td width='27%'><a href='mailto:magdalena.bystrzak@savba.sk'>magdalena.bystrzak@savba.sk<\/a><\/td><td width='23%'>+421 2 5441 6025<\/td><\/tr><tr><td width='50%'><a class='bold' href='\/en\/staff\/basic-info\/?user_no=6096&publication_author_id=0150058'>Csiba, Karol Mgr., PhD.<\/a><br \/><span> Senior researcher \/ Department of Literary History \/ Editor of the journal Slovensk\u00e1 literat\u00fara (Slovak Literature)<\/span><\/td><td width='27%'><a href='mailto:usllkajo@savba.sk'>usllkajo@savba.sk<\/a><\/td><td width='23%'><\/td><\/tr><tr><td width='50%'><a class='bold' href='\/en\/staff\/basic-info\/?user_no=13656'>\u010ci\u017em\u00e1r, \u0160imon Mgr.<\/a><br \/><span>Internal PhD. student \/ Department of Literary Theory<\/span><\/td><td width='27%'><a href='mailto:Simon.Cizmar@savba.sk'>Simon.Cizmar@savba.sk<\/a><\/td><td width='23%'><\/td><\/tr><tr><td width='50%'><a class='bold' href='\/en\/staff\/basic-info\/?user_no=3209&publication_author_id=0079397'>Habaj, Michal Mgr., PhD.<\/a><br \/><span>Senior researcher \/ Department of Literary History<\/span><\/td><td width='27%'><a href='mailto:usllmiha@savba.sk'>usllmiha@savba.sk<\/a><\/td><td width='23%'><\/td><\/tr><tr><td width='50%'><a class='bold' href='\/en\/staff\/basic-info\/?user_no=12250&publication_author_id=0222679'>Hork\u00e1, \u013dudmila Mgr.<\/a><br \/><span>External PhD. student<\/span><\/td><td width='27%'><a href='mailto:'><\/a><\/td><td width='23%'><\/td><\/tr><tr><td width='50%'><a class='bold' href='\/en\/staff\/basic-info\/?user_no=1692&publication_author_id=0079398'>Horv\u00e1th, Tom\u00e1\u0161 Mgr., PhD.<\/a><br \/><span>Senior researcher \/ Department of Literary Culture<\/span><\/td><td width='27%'><a href='mailto:tomas.horvath@savba.sk'>tomas.horvath@savba.sk<\/a><\/td><td width='23%'><\/td><\/tr><tr><td width='50%'><a class='bold' href='\/en\/staff\/basic-info\/?user_no=12447&publication_author_id=0185882'>Hostov\u00e1, Ivana doc. Mgr., PhD.<\/a><br \/><span>Senior Researcher \/ Department of Literary Culture<\/span><\/td><td width='27%'><a href='mailto:Ivana.Hostova@savba.sk'>Ivana.Hostova@savba.sk<\/a><\/td><td width='23%'><\/td><\/tr><tr><td width='50%'><a class='bold' href='\/en\/staff\/basic-info\/?user_no=1698&publication_author_id=0159802'>Hu\u010dkov\u00e1, Dana Mgr., CSc.<\/a><br \/><span>Senior researcher \/ Department of Literary History \/ Department of Textology and Digital Humanities \/ Editor-in-Chief of the journal Slovensk\u00e1 literat\u00fara (Slovak Literature)<\/span><\/td><td width='27%'><a href='mailto:Dana.Huckova@savba.sk'>Dana.Huckova@savba.sk<\/a><\/td><td width='23%'><\/td><\/tr><tr><td width='50%'><a class='bold' href='\/en\/staff\/basic-info\/?user_no=13159'>Kali\u0161ov\u00e1, Romana Mgr.<\/a><br \/><span>internal PhD student \/ Department of literary history<\/span><\/td><td width='27%'><a href='mailto:romana.kalisova@savba.sk'>romana.kalisova@savba.sk<\/a><\/td><td width='23%'><\/td><\/tr><tr><td width='50%'><a class='bold' href='\/en\/staff\/basic-info\/?user_no=8416'>Ko\u0161ibov\u00e1, Iveta <\/a><br \/><span>Bibliographer<\/span><\/td><td width='27%'><a href='mailto:iveta.kosibova@savba.sk'>iveta.kosibova@savba.sk<\/a><\/td><td width='23%'><\/td><\/tr><tr><td width='50%'><a class='bold' href='\/en\/staff\/basic-info\/?user_no=5542&publication_author_id=0101735'>Kubi\u010dkov\u00e1, Veronika <\/a><br \/><span>Secretary<\/span><\/td><td width='27%'><a href='mailto:Veronika.Kubickova@savba.sk'>Veronika.Kubickova@savba.sk<\/a><\/td><td width='23%'>+421 2 3229 3010<\/td><\/tr><tr><td width='50%'><a class='bold' href='\/en\/staff\/basic-info\/?user_no=14640'>Makara, Martin Mgr., PhD.<\/a><br \/><span><\/span><\/td><td width='27%'><a href='mailto:martin.makara@savba.sk'>martin.makara@savba.sk<\/a><\/td><td width='23%'>+421 2 5441 6025<\/td><\/tr><tr><td width='50%'><a class='bold' href='\/en\/staff\/basic-info\/?user_no=14441'>Markov\u00e1, Dominika Ing.<\/a><br \/><span><\/span><\/td><td width='27%'><a href='mailto:dominika.markova@savba.sk'>dominika.markova@savba.sk<\/a><\/td><td width='23%'><\/td><\/tr><tr><td width='50%'><a class='bold' href='\/en\/staff\/basic-info\/?user_no=12491'>Mezeiov\u00e1, Adelaida PhDr.<\/a><br \/><span>Executive editor, journal Slovensk\u00e1 literat\u00fara (Slovak Literature)<\/span><\/td><td width='27%'><a href='mailto:adelaida.mezeiova@savba.sk'>adelaida.mezeiova@savba.sk<\/a><\/td><td width='23%'><\/td><\/tr><tr><td width='50%'><a class='bold' href='\/en\/staff\/basic-info\/?user_no=12706&publication_author_id=0205228'>N\u00e1daskay, Viliam Mgr., PhD.<\/a><br \/><span>Post-doc - Researcher\/ Department of Literary Culture<\/span><\/td><td width='27%'><a href='mailto:viliam.nadaskay@savba.sk'>viliam.nadaskay@savba.sk<\/a><\/td><td width='23%'>+421 2 54416025<\/td><\/tr><tr><td width='50%'><a class='bold' href='\/en\/staff\/basic-info\/?user_no=15019'>Nagyov\u00e1, Elena Mgr.<\/a><br \/><span>administrative staff member, librarian<\/span><\/td><td width='27%'><a href='mailto:Elena.Nagyova@savba.sk'>Elena.Nagyova@savba.sk<\/a><\/td><td width='23%'><\/td><\/tr><tr><td width='50%'><a class='bold' href='\/en\/staff\/basic-info\/?user_no=11459&publication_author_id=0211583'>Navr\u00e1til, Martin Mgr., PhD.<\/a><br \/><span>Senior researcher \/ Department of Textology and Digital Humanities<\/span><\/td><td width='27%'><a href='mailto:Martin.Navratil@savba.sk'>Martin.Navratil@savba.sk<\/a><\/td><td width='23%'><\/td><\/tr><tr><td width='50%'><a class='bold' href='\/en\/staff\/basic-info\/?user_no=13657'>Norba, Olha Mgr.<\/a><br \/><span>Internal PhD. student \/ Department of Literary History<\/span><\/td><td width='27%'><a href='mailto:Olha.Norba@savba.sk'>Olha.Norba@savba.sk<\/a><\/td><td width='23%'><\/td><\/tr><tr><td width='50%'><a class='bold' href='\/en\/staff\/basic-info\/?user_no=11795'>Ors\u00e1g, Matej Mgr.<\/a><br \/><span>IT administrator<\/span><\/td><td width='27%'><a href='mailto:Matej.Orsag@savba.sk'>Matej.Orsag@savba.sk<\/a><\/td><td width='23%'><\/td><\/tr><tr><td width='50%'><a class='bold' href='\/en\/staff\/basic-info\/?user_no=11397&publication_author_id=0211597'>Palkovi\u010dov\u00e1, Eva Mgr., PhD.<\/a><br \/><span>Researcher \/ Department of History of Literature<\/span><\/td><td width='27%'><a href='mailto:eva.palkovicova@savba.sk'>eva.palkovicova@savba.sk<\/a><\/td><td width='23%'><\/td><\/tr><tr><td width='50%'><a class='bold' href='\/en\/staff\/basic-info\/?user_no=14083'>Papcunov\u00e1, Nina Mgr.<\/a><br \/><span>Internal PhD. student \/Department of Literary History<\/span><\/td><td width='27%'><a href='mailto:nina.papcunova@savba.sk'>nina.papcunova@savba.sk<\/a><\/td><td width='23%'>+421 2 5441 6025<\/td><\/tr><tr><td width='50%'><a class='bold' href='\/en\/staff\/basic-info\/?user_no=6619&publication_author_id=0150837'>Passia, Radoslav Mgr., Ph.D.<\/a><br \/><span>Vicedirector \/ Senior researcher \/ Department of Literary History \/ Department of Literary Culture<\/span><\/td><td width='27%'><a href='mailto:Radoslav.Passia@savba.sk'>Radoslav.Passia@savba.sk<\/a><\/td><td width='23%'>+421 2 5441 6025<\/td><\/tr><tr><td width='50%'><a class='bold' href='\/en\/staff\/basic-info\/?user_no=14084'>Pavlov, Martin Mgr.<\/a><br \/><span>Internal PhD. student \/ Department of Literary History<\/span><\/td><td width='27%'><a href='mailto:Martin.Pavlov@savba.sk'>Martin.Pavlov@savba.sk<\/a><\/td><td width='23%'>+421 2 5441 6025<\/td><\/tr><tr><td width='50%'><a class='bold' href='\/en\/staff\/basic-info\/?user_no=12750&publication_author_id=0231149'>P\u00e9terov\u00e1, Martina Mgr.<\/a><br \/><span>External PhD. student \/ Department of Literary History<\/span><\/td><td width='27%'><a href='mailto:Martina.Peterova@savba.sk'>Martina.Peterova@savba.sk<\/a><\/td><td width='23%'><\/td><\/tr><tr><td width='50%'><a class='bold' href='\/en\/staff\/basic-info\/?user_no=1710&publication_author_id=0079407'>Pru\u0161kov\u00e1, Zora PhDr., CSc.<\/a><br \/><span>Emeritus researcher<\/span><\/td><td width='27%'><a href='mailto:Zora.Pruskova@savba.sk'>Zora.Pruskova@savba.sk<\/a><\/td><td width='23%'><\/td><\/tr><tr><td width='50%'><a class='bold' href='\/en\/staff\/basic-info\/?user_no=4721&publication_author_id=0098532'>Ri\u0161kov\u00e1, Lenka Mgr., PhD.<\/a><br \/><span>Senior researcher \/ Department of Literary History<\/span><\/td><td width='27%'><a href='mailto:lenka.riskova@savba.sk'>lenka.riskova@savba.sk<\/a><\/td><td width='23%'><\/td><\/tr><tr><td width='50%'><a class='bold' href='\/en\/staff\/basic-info\/?user_no=3865&publication_author_id=0082729'>Schmarcov\u00e1, \u013dubica Mgr., PhD.<\/a><br \/><span>Senior researcher \/ Department of Literary History<\/span><\/td><td width='27%'><a href='mailto:lubica.schmarcova@savba.sk'>lubica.schmarcova@savba.sk<\/a><\/td><td width='23%'><\/td><\/tr><tr><td width='50%'><a class='bold' href='\/en\/staff\/basic-info\/?user_no=12628'>Strap\u00e1kov\u00e1, Denisa <\/a><br \/><span><\/span><\/td><td width='27%'><a href='mailto:'><\/a><\/td><td width='23%'><\/td><\/tr><tr><td width='50%'><a class='bold' href='\/en\/staff\/basic-info\/?user_no=3210&publication_author_id=0079443'>Taranenkov\u00e1, Ivana Mgr., PhD.<\/a><br \/><span>Director \/ Department of Literary History<\/span><\/td><td width='27%'><a href='mailto:Ivana.Taranenkova@savba.sk'>Ivana.Taranenkova@savba.sk<\/a><\/td><td width='23%'>+421 2 5441 6025<\/td><\/tr><tr><td width='50%'><a class='bold' href='\/en\/staff\/basic-info\/?user_no=14801'>Turi Nagyov\u00e1, Lucia Mgr., PhD.<\/a><br \/><span><\/span><\/td><td width='27%'><a href='mailto:Lucia.Turinagyova@savba.sk'>Lucia.Turinagyova@savba.sk<\/a><\/td><td width='23%'><\/td><\/tr><tr><td width='50%'><a class='bold' href='\/en\/staff\/basic-info\/?user_no=1712&publication_author_id=0082936'>Vanekov\u00e1, O\u013ega Mgr., PhD.<\/a><br \/><span>Researcher \/ Department of Literary History <\/span><\/td><td width='27%'><a href='mailto:Olga.Vanekova@savba.sk'>Olga.Vanekova@savba.sk<\/a><\/td><td width='23%'><\/td><\/tr><tr><td width='50%'><a class='bold' href='\/en\/staff\/basic-info\/?user_no=14001'>Vicenov\u00e1, Jana Mgr. art.<\/a><br \/><span><\/span><\/td><td width='27%'><a href='mailto:jana.vicenova@savba.sk'>jana.vicenova@savba.sk<\/a><\/td><td width='23%'><\/td><\/tr><tr><td width='50%'><a class='bold' href='\/en\/staff\/basic-info\/?user_no=3207&publication_author_id=0079409'>Vr\u00e1blov\u00e1, Timotea Mgr., CSc.<\/a><br \/><span>Senior researcher \/ Department of Literary History<\/span><\/td><td width='27%'><a href='mailto:uslltimo@savba.sk'>uslltimo@savba.sk<\/a><\/td><td width='23%'><\/td><\/tr><tr><td width='50%'><a class='bold' href='\/en\/staff\/basic-info\/?user_no=1716&publication_author_id=0079447'>Zajac, Peter prof. PhDr., DrSc.<\/a><br \/><span>emeritus researcher<\/span><\/td><td width='27%'><a href='mailto:pzaj46@gmail.com'>pzaj46@gmail.com<\/a><\/td><td width='23%'><\/td><\/tr><tr><td width='50%'><a class='bold' href='\/en\/staff\/basic-info\/?user_no=14639'>Zlej\u0161ia, Barbora  Mgr., PhD.<\/a><br \/><span>Postdoctoral researcher \/ Department of Textology and Digital Humanities \/ Editor of the journal Slovensk\u00e1 literat\u00fara (Slovak Literature)<\/span><\/td><td width='27%'><a href='mailto:Barbora.Zlejsia@savba.sk'>Barbora.Zlejsia@savba.sk<\/a><\/td><td width='23%'>+421 2 54416025<\/td><\/tr><tr><td width='50%'><a class='bold' href='\/en\/staff\/basic-info\/?user_no=14809'>Zvol\u00e1nekov\u00e1, T\u00edmea Mgr.<\/a><br \/><span><\/span><\/td><td width='27%'><a href='mailto:timea.zvolanekova@savba.sk'>timea.zvolanekova@savba.sk<\/a><\/td><td width='23%'><\/td><\/tr><\/table>\n","protected":false},"excerpt":{"rendered":"","protected":false},"author":1,"featured_media":0,"parent":49,"menu_order":10,"comment_status":"closed","ping_status":"closed","template":"","meta":[],"_links":{"self":[{"href":"https:\/\/uslit.sav.sk\/en\/wp-json\/wp\/v2\/pages\/52"}],"collection":[{"href":"https:\/\/uslit.sav.sk\/en\/wp-json\/wp\/v2\/pages"}],"about":[{"href":"https:\/\/uslit.sav.sk\/en\/wp-json\/wp\/v2\/types\/page"}],"author":[{"embeddable":true,"href":"https:\/\/uslit.sav.sk\/en\/wp-json\/wp\/v2\/users\/1"}],"replies":[{"embeddable":true,"href":"https:\/\/uslit.sav.sk\/en\/wp-json\/wp\/v2\/comments?post=52"}],"version-history":[{"count":6,"href":"https:\/\/uslit.sav.sk\/en\/wp-json\/wp\/v2\/pages\/52\/revisions"}],"predecessor-version":[{"id":391,"href":"https:\/\/uslit.sav.sk\/en\/wp-json\/wp\/v2\/pages\/52\/revisions\/391"}],"up":[{"embeddable":true,"href":"https:\/\/uslit.sav.sk\/en\/wp-json\/wp\/v2\/pages\/49"}],"wp:attachment":[{"href":"https:\/\/uslit.sav.sk\/en\/wp-json\/wp\/v2\/media?parent=52"}],"curies":[{"name":"wp","href":"https:\/\/api.w.org\/{rel}","templated":true}]}}