{"id":54,"date":"2019-10-28T11:14:20","date_gmt":"2019-10-28T10:14:20","guid":{"rendered":"http:\/\/www.uslit.sav.sk\/en\/?page_id=54"},"modified":"2025-06-13T16:41:06","modified_gmt":"2025-06-13T14:41:06","slug":"structure","status":"publish","type":"page","link":"https:\/\/uslit.sav.sk\/en\/about-us\/structure\/","title":{"rendered":"Structure"},"content":{"rendered":"<p><strong>Directory of the Institute<br \/>\nDirector:<\/strong> Mgr. Ivana Taranenkov\u00e1, PhD.<br \/>\nE-mail: Ivana.Taranenkova@savba.sk<\/p>\n<p><strong>Deputy director:<\/strong> Mgr. Radoslav Passia, Ph.D.<br \/>\nE-mail: Radoslav.Passia@savba.sk<\/p>\n<p><strong>Scientific secretary<\/strong>: Mgr. Ivana Hostov\u00e1, PhD.<br \/>\nE-mail: Ivana. Hostova@savba.sk<\/p>\n<p><strong>Management Board<\/strong><\/p>\n<p><a href=\"http:\/\/www.uslit.sav.sk\/pracovnici\/zakladne-info\/?user_no=3210&amp;publication_author_id=0079443\">Mgr. Ivana Taranenkov\u00e1, PhD., (chairwoman)<\/a><br \/>\n<a href=\"http:\/\/www.uslit.sav.sk\/pracovnici\/zakladne-info\/?user_no=10618\">Mgr. Martin Braxatoris, PhD.<\/a><br \/>\n<a href=\"http:\/\/www.uslit.sav.sk\/pracovnici\/zakladne-info\/?user_no=1548&amp;publication_author_id=0079393\">doc. PhDr. Erika Brt\u00e1\u0148ov\u00e1, CSc.<\/a><br \/>\n<a class=\"bez_podciarknutia\" href=\"http:\/\/www.uslit.sav.sk\/pracovnici\/zakladne-info\/?user_no=1698\">Mgr. Dana Hu\u010dkov\u00e1, CSc.<\/a><br \/>\n<a class=\"bez_podciarknutia\" href=\"http:\/\/www.uslit.sav.sk\/pracovnici\/zakladne-info\/?user_no=6619\">Mgr. Radoslav Passia, Ph.D. (vice-chairman)<\/a><\/p>\n<p><strong><br \/>\nScientific Board<\/strong><\/p>\n<p><strong>internal members:<\/strong><\/p>\n<p><a class=\"bez_podciarknutia\" href=\"http:\/\/www.uslit.sav.sk\/pracovnici\/zakladne-info\/?user_no=1541\">doc. Mgr. Vladim\u00edr Barbor\u00edk, CSc.<\/a><a class=\"bez_podciarknutia\" href=\"http:\/\/www.uslit.sav.sk\/pracovnici\/zakladne-info\/?user_no=3621&amp;publication_author_id=0079444\"><br \/>\nMgr. Jana P\u00e1calov\u00e1, PhD.<\/a><a class=\"bez_podciarknutia\" href=\"http:\/\/www.uslit.sav.sk\/pracovnici\/zakladne-info\/?user_no=1548\"><br \/>\n<\/a><a href=\"http:\/\/www.uslit.sav.sk\/pracovnici\/zakladne-info\/?user_no=3865&amp;publication_author_id=0082729\">Mgr. \u013dubica Schmarcov\u00e1, PhD.<\/a> (chairwoman)<\/p>\n<p><strong>external members:<\/strong><br \/>\nMiroslava Vallov\u00e1<br \/>\n<a href=\"https:\/\/www.ff.umb.sk\/en\/mgolema\/\" target=\"_blank\" rel=\"noopener noreferrer\">prof. PaedDr. Martin Golema, PhD., FF UMB Bansk\u00e1 Bystrica<\/a><\/p>\n<p>&nbsp;<\/p>\n<p><strong>Supervisory Board<\/strong><\/p>\n<p><a href=\"https:\/\/www.sav.sk\/?lang=sk&amp;doc=user-org-user&amp;user_no=10883\">Mgr. R\u00f3bert Karul, PhD. (chairman, ex offo member)<\/a><br \/>\n<a href=\"https:\/\/fphil.uniba.sk\/katedry-a-odborne-pracoviska\/ksllv\/clenovia-katedry\/prof-phdr-miloslav-vojtech-phd\/\">prof. PhDr. Miloslav Vojtech, PhD., FiF UK in Bratislava<\/a><\/p>\n<p><a href=\"https:\/\/www.sav.sk\/?lang=sk&amp;doc=user-org-user&amp;user_no=11768\" target=\"_blank\" rel=\"noopener\">Ing. Veronika P\u00fa\u010dikov\u00e1, \u00da SAV<\/a><\/p>\n<p>&nbsp;<\/p>\n<p><strong>International Advisory Board<\/strong><\/p>\n<p><span class=\"x4k7w5x x1h91t0o x1h9r5lt x1jfb8zj xv2umb2 x1beo9mf xaigb6o x12ejxvf x3igimt xarpa2k xedcshv x1lytzrv x1t2pt76 x7ja8zs x1qrby5j\"><a href=\"https:\/\/www.univ.ox.ac.uk\/academics\/rajendra-chitnis\/\" target=\"_blank\" rel=\"noopener noreferrer\">Dr. Rajendra Chitnis<\/a> (University College, Oxford) <\/span><br \/>\n<span class=\"x4k7w5x x1h91t0o x1h9r5lt x1jfb8zj xv2umb2 x1beo9mf xaigb6o x12ejxvf x3igimt xarpa2k xedcshv x1lytzrv x1t2pt76 x7ja8zs x1qrby5j\"><a href=\"https:\/\/www.btk.elte.hu\/en\/staff\/prof-robert-kiss-szeman\" target=\"_blank\" rel=\"noopener noreferrer\">Prof. R\u00f3bert Kiss Szeman<\/a> (E\u00f6tv\u00f6s Lor\u00e1nd University, Budapest) <\/span><br \/>\n<span class=\"x4k7w5x x1h91t0o x1h9r5lt x1jfb8zj xv2umb2 x1beo9mf xaigb6o x12ejxvf x3igimt xarpa2k xedcshv x1lytzrv x1t2pt76 x7ja8zs x1qrby5j\"><a href=\"https:\/\/service.ucl.cas.cz\/cs\/pracovnici\/vyzkumni-pracovnici\/143-janacek-pavel?personid=12\" target=\"_blank\" rel=\"noopener noreferrer\">Ing. Pavel Jan\u00e1\u010dek, Ph.D.<\/a> (Institute of Czech Literature of the CAS, Prague)<\/span><\/p>\n<p><strong><br \/>\nSecretary office of the director<br \/>\n<\/strong>Veronika Kubi\u010dkov\u00e1<br \/>\nE-mail: Veronika.Kubickova@savba.sk<br \/>\nPhone: 00 421 2 5441 6025<\/p>\n<p><strong>Organizational Structure<\/strong><\/p>\n<p><strong>Research departments<\/strong><\/p>\n<p>Department of Literary History<br \/>\nDepartment of Literary Theory<br \/>\nDepartment of Textology and Digital Projects<strong><br \/>\n<\/strong><br \/>\n<strong>Library and bibliography<br \/>\n<\/strong>The library is a common workplace of the Institute of Slovak Literature of the Slovak Academy of Sciences (three staff members) and the Institute of World Literature of the Slovak Academy of Sciences (one staff member). Each Institute purchases literature and covers services separately, considering its research priorities, institutional budget and project funding.<br \/>\nThe library serves as a reference library for researchers of the both Institutes<br \/>\nLibrary funds currently consists of fifty-six thousand one hundred and twenty-three items (books, bound years of periodicals, manuscripts and PhD dissertations). Besides scientific and specialized literature related to the area of literary studies, history of Slovak and other national literatures, methodology, theory of literature, literary history, comparative literary studies, translation studies, and theory of inter-literary communities, dictionaries of Slovak and world literatures, literature related to other social sciences, the library also contains Slovak and world belles-lettres and periodicals. It also includes books and periodicals of Jozef Felix containing six thousand seven hundred and fifty items, mostly from Romance literatures.<\/p>\n<p><strong>Head of the Library:<\/strong> Mgr. O\u013ega Ol\u0161inov\u00e1<br \/>\n<strong>Staff: <\/strong>Ren\u00e1ta Aksam\u00edtov\u00e1<br \/>\n<strong>Bibliography:<\/strong> Iveta Ko\u0161ibov\u00e1<\/p>\n","protected":false},"excerpt":{"rendered":"<p>Directory of the Institute Director: Mgr. Ivana Taranenkov\u00e1, PhD. E-mail: Ivana.Taranenkova@savba.sk Deputy director: Mgr. Radoslav Passia, Ph.D. E-mail: Radoslav.Passia@savba.sk Scientific secretary: Mgr. Ivana Hostov\u00e1, PhD&#8230;.<\/p>\n","protected":false},"author":1,"featured_media":0,"parent":49,"menu_order":20,"comment_status":"closed","ping_status":"closed","template":"","meta":[],"_links":{"self":[{"href":"https:\/\/uslit.sav.sk\/en\/wp-json\/wp\/v2\/pages\/54"}],"collection":[{"href":"https:\/\/uslit.sav.sk\/en\/wp-json\/wp\/v2\/pages"}],"about":[{"href":"https:\/\/uslit.sav.sk\/en\/wp-json\/wp\/v2\/types\/page"}],"author":[{"embeddable":true,"href":"https:\/\/uslit.sav.sk\/en\/wp-json\/wp\/v2\/users\/1"}],"replies":[{"embeddable":true,"href":"https:\/\/uslit.sav.sk\/en\/wp-json\/wp\/v2\/comments?post=54"}],"version-history":[{"count":20,"href":"https:\/\/uslit.sav.sk\/en\/wp-json\/wp\/v2\/pages\/54\/revisions"}],"predecessor-version":[{"id":431,"href":"https:\/\/uslit.sav.sk\/en\/wp-json\/wp\/v2\/pages\/54\/revisions\/431"}],"up":[{"embeddable":true,"href":"https:\/\/uslit.sav.sk\/en\/wp-json\/wp\/v2\/pages\/49"}],"wp:attachment":[{"href":"https:\/\/uslit.sav.sk\/en\/wp-json\/wp\/v2\/media?parent=54"}],"curies":[{"name":"wp","href":"https:\/\/api.w.org\/{rel}","templated":true}]}}