{"id":87,"date":"2019-10-28T12:39:00","date_gmt":"2019-10-28T11:39:00","guid":{"rendered":"http:\/\/www.uslit.sav.sk\/en\/?page_id=87"},"modified":"2024-10-02T12:01:39","modified_gmt":"2024-10-02T10:01:39","slug":"conferences","status":"publish","type":"page","link":"https:\/\/uslit.sav.sk\/en\/news\/conferences\/","title":{"rendered":"Conferences"},"content":{"rendered":"<table class='project_list conf'>\n<tr>\n<td>\n<h2>Liter\u00e1rnokritick\u00e1 reflexia slovenskej literat\u00fary 2025<\/h2>\n<\/td>\n<\/tr>\n<tr>\n<td>Venue: Bratislava, \u00dastav slovenskej literat\u00fary SAV, v. v. i.<\/td>\n<\/tr>\n<tr>\n<td>Date: 23.04.2026 &#8211; 23.04.2026<\/td>\n<\/tr>\n<tr>\n<td><a href=\"\" target=\"_blank\" rel=\"noopener noreferrer\"><\/a><\/td>\n<\/tr>\n<tr>\n<td>Contact person: Mgr. Passia Radoslav, Ph.D. (<a href='mailto:Radoslav.Passia@savba.sk' >Radoslav.Passia@savba.sk<\/a>)<\/td>\n<\/tr>\n<\/table>\n<table class='project_list conf'>\n<tr>\n<td>\n<h2>Kontinuity a diskontinuity v stredoeur\u00f3pskom myslen\u00ed. Medzin\u00e1rodn\u00fd vedeck\u00fd semin\u00e1r pri pr\u00edle\u017eitosti 80. naroden\u00edn Petra Zajaca<\/h2>\n<\/td>\n<\/tr>\n<tr>\n<td>Venue: Bratislava, \u00dastav slovenskej literat\u00fary SAV, v. v. i.<\/td>\n<\/tr>\n<tr>\n<td>Date: 14.05.2026 &#8211; 14.05.2026<\/td>\n<\/tr>\n<tr>\n<td><a href=\"\" target=\"_blank\" rel=\"noopener noreferrer\"><\/a><\/td>\n<\/tr>\n<tr>\n<td>Contact person: Mgr. Bystrzak Magdalena, Ph.D. (<a href='mailto:magdalena.bystrzak@savba.sk' >magdalena.bystrzak@savba.sk<\/a>)<\/td>\n<\/tr>\n<\/table>\n<table class='project_list conf'>\n<tr>\n<td>\n<h2>Ivan Krasko \u2013 Rezonancie  (1876 \u2013 1958 &#8211; 2026)<\/h2>\n<\/td>\n<\/tr>\n<tr>\n<td>Venue: Pie\u0161\u0165any<\/td>\n<\/tr>\n<tr>\n<td>Date: 08.09.2026 &#8211; 09.09.2026<\/td>\n<\/tr>\n<tr>\n<td><a href=\"\" target=\"_blank\" rel=\"noopener noreferrer\"><\/a><\/td>\n<\/tr>\n<tr>\n<td>Contact person: Mgr. Hu\u010dkov\u00e1 Dana, CSc. (<a href='mailto:Dana.Huckova@savba.sk' >Dana.Huckova@savba.sk<\/a>)<\/td>\n<\/tr>\n<\/table>\n<table class='project_list conf'>\n<tr>\n<td>\n<h2>Bitka pri Moh\u00e1\u010di (1526), osmansk\u00e1 tematika a liter\u00e1rne stv\u00e1rnenie historickej udalosti v dielach star\u0161ej literat\u00fary<\/h2>\n<\/td>\n<\/tr>\n<tr>\n<td>Venue: Bratislava, \u00dastav slovenskej literat\u00fary SAV, v. v. i.<\/td>\n<\/tr>\n<tr>\n<td>Date: 24.09.2026 &#8211; 24.09.2026<\/td>\n<\/tr>\n<tr>\n<td><a href=\"\" target=\"_blank\" rel=\"noopener noreferrer\"><\/a><\/td>\n<\/tr>\n<tr>\n<td>Contact person: Mgr. Vanekov\u00e1 O\u013ega, PhD. (<a href='mailto:Olga.Vanekova@savba.sk' >Olga.Vanekova@savba.sk<\/a>)<\/td>\n<\/tr>\n<\/table>\n<table class='project_list conf'>\n<tr>\n<td>\n<h2>Poz\u00edcie modernizmu III <\/h2>\n<\/td>\n<\/tr>\n<tr>\n<td>Venue: Bratislava, \u00dastav slovenskej literat\u00fary SAV, v. v. i.<\/td>\n<\/tr>\n<tr>\n<td>Date: 20.10.2026 &#8211; 20.10.2026<\/td>\n<\/tr>\n<tr>\n<td><a href=\"\" target=\"_blank\" rel=\"noopener noreferrer\"><\/a><\/td>\n<\/tr>\n<tr>\n<td>Contact person: Mgr. Habaj Michal, PhD. (<a href='mailto:usllmiha@savba.sk' >usllmiha@savba.sk<\/a>)<\/td>\n<\/tr>\n<\/table>\n<table class='project_list conf'>\n<tr>\n<td>\n<h2>Inakosti v slovenskej po\u00e9zii<\/h2>\n<\/td>\n<\/tr>\n<tr>\n<td>Venue: Bratislava, \u00dastav slovenskej literat\u00fary SAV, v. v. i.<\/td>\n<\/tr>\n<tr>\n<td>Date: 05.11.2026 &#8211; 05.11.2026<\/td>\n<\/tr>\n<tr>\n<td><a href=\"\" target=\"_blank\" rel=\"noopener noreferrer\"><\/a><\/td>\n<\/tr>\n<tr>\n<td>Contact person: Mgr. N\u00e1daskay Viliam, PhD. (<a href='mailto:viliam.nadaskay@savba.sk' >viliam.nadaskay@savba.sk<\/a>)<\/td>\n<\/tr>\n<\/table>\n<table class='project_list conf'>\n<tr>\n<td>\n<h2>Konferencia mladej liter\u00e1rnovednej slovakistiky 2026<\/h2>\n<\/td>\n<\/tr>\n<tr>\n<td>Venue: Bratislava, \u00dastav slovenskej literat\u00fary SAV, v. v. i.<\/td>\n<\/tr>\n<tr>\n<td>Date: 03.12.2026 &#8211; 03.12.2026<\/td>\n<\/tr>\n<tr>\n<td><a href=\"\" target=\"_blank\" rel=\"noopener noreferrer\"><\/a><\/td>\n<\/tr>\n<tr>\n<td>Contact person: Mgr. Palkovi\u010dov\u00e1 Eva, PhD. (<a href='mailto:eva.palkovicova@savba.sk' >eva.palkovicova@savba.sk<\/a>)<\/td>\n<\/tr>\n<\/table>\n","protected":false},"excerpt":{"rendered":"<p>Liter\u00e1rnokritick\u00e1 reflexia slovenskej literat\u00fary 2025 Venue: Bratislava, \u00dastav slovenskej literat\u00fary SAV, v. v. i. Date: 23.04.2026 &#8211; 23.04.2026 Contact person: Mgr. Passia Radoslav, Ph.D. (Radoslav.Passia@savba.sk)&#8230;<\/p>\n","protected":false},"author":1,"featured_media":0,"parent":23,"menu_order":20,"comment_status":"closed","ping_status":"closed","template":"","meta":[],"_links":{"self":[{"href":"https:\/\/uslit.sav.sk\/en\/wp-json\/wp\/v2\/pages\/87"}],"collection":[{"href":"https:\/\/uslit.sav.sk\/en\/wp-json\/wp\/v2\/pages"}],"about":[{"href":"https:\/\/uslit.sav.sk\/en\/wp-json\/wp\/v2\/types\/page"}],"author":[{"embeddable":true,"href":"https:\/\/uslit.sav.sk\/en\/wp-json\/wp\/v2\/users\/1"}],"replies":[{"embeddable":true,"href":"https:\/\/uslit.sav.sk\/en\/wp-json\/wp\/v2\/comments?post=87"}],"version-history":[{"count":4,"href":"https:\/\/uslit.sav.sk\/en\/wp-json\/wp\/v2\/pages\/87\/revisions"}],"predecessor-version":[{"id":469,"href":"https:\/\/uslit.sav.sk\/en\/wp-json\/wp\/v2\/pages\/87\/revisions\/469"}],"up":[{"embeddable":true,"href":"https:\/\/uslit.sav.sk\/en\/wp-json\/wp\/v2\/pages\/23"}],"wp:attachment":[{"href":"https:\/\/uslit.sav.sk\/en\/wp-json\/wp\/v2\/media?parent=87"}],"curies":[{"name":"wp","href":"https:\/\/api.w.org\/{rel}","templated":true}]}}